{"id":86438,"date":"2024-02-20T10:58:14","date_gmt":"2024-02-20T10:58:14","guid":{"rendered":"https:\/\/wvm-network.de\/wordpress\/?page_id=86438"},"modified":"2024-02-26T18:49:03","modified_gmt":"2024-02-26T18:49:03","slug":"impressum","status":"publish","type":"page","link":"https:\/\/wvm-network.de\/wordpress\/impressum\/","title":{"rendered":"Impressum"},"content":{"rendered":"\t\t<div data-elementor-type=\"wp-page\" data-elementor-id=\"86438\" class=\"elementor elementor-86438\" data-elementor-post-type=\"page\">\n\t\t\t\t<div class=\"default no-position show_shadow elementor-element elementor-element-ac01423 e-flex e-con-boxed e-con e-parent\" data-id=\"ac01423\" data-element_type=\"container\" data-e-type=\"container\">\n\t\t\t\t\t<div class=\"e-con-inner\">\n\t\t<div class=\"default no-position show_shadow elementor-element elementor-element-8274958 e-con-full e-flex e-con e-child\" data-id=\"8274958\" data-element_type=\"container\" data-e-type=\"container\">\n\t\t\t\t<div class=\"elementor-element elementor-element-2b0c1e6 elementor-widget elementor-widget-sidebar\" data-id=\"2b0c1e6\" data-element_type=\"widget\" data-e-type=\"widget\" data-widget_type=\"sidebar.default\">\n\t\t\t\t<div class=\"elementor-widget-container\">\n\t\t\t\t\t<section id=\"block-2\" class=\"widget widget_block widget_search\"><form role=\"search\" method=\"get\" action=\"https:\/\/wvm-network.de\/wordpress\/\" class=\"wp-block-search__button-outside wp-block-search__text-button wp-block-search\"    ><label class=\"wp-block-search__label\" for=\"wp-block-search__input-1\" >Suchen<\/label><div class=\"wp-block-search__inside-wrapper\" ><input class=\"wp-block-search__input\" id=\"wp-block-search__input-1\" placeholder=\"\" value=\"\" type=\"search\" name=\"s\" required \/><button aria-label=\"Suchen\" class=\"wp-block-search__button wp-element-button\" type=\"submit\" >Suchen<\/button><\/div><\/form><\/section><section id=\"categories-2\" class=\"widget widget_categories\"><h2 class=\"widget-title\">Blog Kategorien<\/h2><form action=\"https:\/\/wvm-network.de\/wordpress\" method=\"get\"><label class=\"screen-reader-text\" for=\"cat\">Blog Kategorien<\/label><select  name='cat' id='cat' class='postform'>\n\t<option value='-1'>Kategorie ausw\u00e4hlen<\/option>\n\t<option class=\"level-0\" value=\"20\">Beratung&nbsp;&nbsp;(2)<\/option>\n\t<option class=\"level-0\" value=\"19\">Business&nbsp;&nbsp;(5)<\/option>\n\t<option class=\"level-0\" value=\"74\">Direktvertrieb&nbsp;&nbsp;(5)<\/option>\n\t<option class=\"level-0\" value=\"73\">Empfehlungsmarketing&nbsp;&nbsp;(4)<\/option>\n\t<option class=\"level-0\" value=\"75\">Network Marketing&nbsp;&nbsp;(5)<\/option>\n\t<option class=\"level-0\" value=\"77\">Vertrieb&nbsp;&nbsp;(4)<\/option>\n<\/select>\n<\/form><script type=\"text\/javascript\">\n\/* <![CDATA[ *\/\n\n( ( dropdownId ) => {\n\tconst dropdown = document.getElementById( dropdownId );\n\tfunction onSelectChange() {\n\t\tsetTimeout( () => {\n\t\t\tif ( 'escape' === dropdown.dataset.lastkey ) {\n\t\t\t\treturn;\n\t\t\t}\n\t\t\tif ( dropdown.value && parseInt( dropdown.value ) > 0 && dropdown instanceof HTMLSelectElement ) {\n\t\t\t\tdropdown.parentElement.submit();\n\t\t\t}\n\t\t}, 250 );\n\t}\n\tfunction onKeyUp( event ) {\n\t\tif ( 'Escape' === event.key ) {\n\t\t\tdropdown.dataset.lastkey = 'escape';\n\t\t} else {\n\t\t\tdelete dropdown.dataset.lastkey;\n\t\t}\n\t}\n\tfunction onClick() {\n\t\tdelete dropdown.dataset.lastkey;\n\t}\n\tdropdown.addEventListener( 'keyup', onKeyUp );\n\tdropdown.addEventListener( 'click', onClick );\n\tdropdown.addEventListener( 'change', onSelectChange );\n})( \"cat\" );\n\n\/\/# sourceURL=WP_Widget_Categories%3A%3Awidget\n\/* ]]> *\/\n<\/script>\n<\/section><section id=\"block-6\" class=\"widget widget_block\"><b>Bewerten Sie uns:<\/b>\r\n<br>\r\n<a href=\"https:\/\/toplist2all.de\/index.php?a=in&u=WVM-710\"target=\"_blank\"><img decoding=\"async\" src=\"https:\/\/toplist2all.de\/button.php?u=WVM-710&buttontype=stats\" alt=\"Vote-Toplist2all\" \/><\/a><\/section><section class=\"widget netwo-widget\"><div id=\"netwo-3415692329\" style=\"margin-left: auto;margin-right: auto;text-align: center;\"><!-- ADSMAN - Show: Wide Skyscraper 160x600  - Kampagne: Network Marketing -->\r\n<script type=\"text\/javascript\">\r\n\/\/<!--\r\ndocument.write('<script src=\"https:\/\/info-webportal.de\/adsman\/amwmbt.php?vswmID=9&ai=1&vswmCP=4&cache='+new Date().getTime()+'\" type=\"text\/javascript\"><\/script>');\r\n\/\/-->\r\n<\/script>\r\n<!-- End ADSMAN - Show: Wide Skyscraper 160x600 - Kampagne: Network Marketing  --><\/div><\/section><section id=\"block-4\" class=\"widget widget_block\"><div class=\"wp-block-group\"><div class=\"wp-block-group__inner-container is-layout-flow wp-block-group-is-layout-flow\"><h2 class=\"wp-block-heading\">Letzte Kommentare<\/h2><div class=\"no-comments wp-block-latest-comments\">Es sind keine Kommentare vorhanden.<\/div><\/div><\/div><\/section>\t\t\t\t<\/div>\n\t\t\t\t<\/div>\n\t\t\t\t<\/div>\n\t\t<div class=\"default no-position show_shadow elementor-element elementor-element-7a4e94a e-con-full e-flex e-con e-child\" data-id=\"7a4e94a\" data-element_type=\"container\" data-e-type=\"container\">\n\t\t\t\t<div class=\"elementor-element elementor-element-e824a6c elementor-widget elementor-widget-text-editor\" data-id=\"e824a6c\" data-element_type=\"widget\" data-e-type=\"widget\" data-widget_type=\"text-editor.default\">\n\t\t\t\t<div class=\"elementor-widget-container\">\n\t\t\t\t\t\t\t\t\t<h2>Impressum<\/h2><p><span style=\"color: #000000;\"><strong>Angaben gem\u00e4\u00df \u00a7 5 TMG<\/strong><\/span><\/p><p><span style=\"color: #000000;\"><strong>Lothar Weifenbach<br \/>Kreuzstra\u00dfe11<br \/>96199 Zapfendorf<\/strong><\/span><\/p><p><span style=\"color: #000000;\">Kontakt<\/span><\/p><div id=\"netwo-476102440\" class=\"netwo-test-placement-from-wizard-3068424252 netwo-entity-placement\"><div class=\"netwo-adlabel\">Anzeigen - Gesponserte Links<\/div><!-- Revive Adserver iFrame Tag - Generated with Revive Adserver v6.0.4 -->\r\n<iframe id='a75e6129' name='a75e6129' src='https:\/\/info-webportal.de\/revive-adserver\/www\/delivery\/afr.php?zoneid=27&amp;cb=INSERT_RANDOM_NUMBER_HERE' frameborder='0' scrolling='no' width='468' height='60' allow='autoplay'><a href='https:\/\/info-webportal.de\/revive-adserver\/www\/delivery\/ck.php?n=a15cc9d3&amp;cb=INSERT_RANDOM_NUMBER_HERE' target='_blank'><img src='https:\/\/info-webportal.de\/revive-adserver\/www\/delivery\/avw.php?zoneid=27&amp;cb=INSERT_RANDOM_NUMBER_HERE&amp;n=a15cc9d3' border='0' alt='' \/><\/a><\/iframe>\r\n<\/div><p><span style=\"color: #000000;\">Telefon: +4995478731966<\/span><\/p><p><span style=\"color: #000000;\">E-Mail:\u00a0<span id=\"cloak9208bfbcbc00b1e99f134547dcc02d93\"><\/span><a style=\"color: #000000;\" href=\"mailto:in**@*********rk.de\" data-original-string=\"Cv4tGO5gpA6XAlzUJdsNBg==79dNkfaz\/iTYKAXSgkC7g9\/1tJfHiAKTg9ZNFfcz7rQO8o=\" title=\"Dieser Kontakt wurde von Anti-Spam by CleanTalk verschl\u00fcsselt. Klicken Sie hier, um ihn zu entschl\u00fcsseln. Um die Entschl\u00fcsselung abzuschlie\u00dfen, stellen Sie sicher, dass JavaScript in Ihrem Browser aktiviert ist.\"><span \n                data-original-string='v0ISl3dn3NLNA\/n7nmlH2Q==79dS29xqnv9S+G\/5wLo2upkVKYZbaJt7eMzx\/oTR9z1gj8='\n                class='apbct-email-encoder'\n                title='Dieser Kontakt wurde von Anti-Spam by CleanTalk verschl\u00fcsselt. Klicken Sie hier, um ihn zu entschl\u00fcsseln. Um die Entschl\u00fcsselung abzuschlie\u00dfen, stellen Sie sicher, dass JavaScript in Ihrem Browser aktiviert ist.'>in<span class=\"apbct-blur\">**<\/span>@<span class=\"apbct-blur\">*********<\/span>rk.de<\/span><\/a><\/span><\/p><p><strong><a style=\"color: #000000; text-decoration: underline;\" href=\"https:\/\/wvm-network.de\/wordpress\/contact\">Kontaktformular\u00a0<\/a><\/strong><\/p><p><span style=\"color: #000000;\"><img decoding=\"async\" src=\"http:\/\/www.wvm-network.de\/mlm\/images\/nospam.gif\" \/><\/span><br \/><strong><span style=\"color: #000000;\">(F\u00fcr Anfragen empfehlen wir das Kontaktformular zu verwenden, da eMails evtl. vom Spammfilter blockiert werden k\u00f6nnen.)<\/span><\/strong><\/p><p><span style=\"color: #000000;\">Postadresse:<\/span><\/p><p><span style=\"color: #000000;\">Lothar Weifenbach<\/span><br \/><span style=\"color: #000000;\">Postfach 1107<\/span><br \/><span style=\"color: #000000;\">96198 Zapfendorf<\/span><\/p><p><span style=\"color: #000000;\">Umsatzsteuer-ID:\u00a0 DE228232829<\/span><\/p><p><span style=\"color: #000000;\">Umsatzsteuer-Identifikationsnummer gem\u00e4\u00df \u00a727 a Umsatzsteuergesetz:<\/span><br \/><span style=\"color: #000000;\">DE228232829<\/span><\/p><p><span style=\"color: #000000;\">Streitschlichtung<\/span><\/p><p><span style=\"color: #000000;\">Die Europ\u00e4ische Kommission stellt eine Plattform zur Online-Streitbeilegung (OS) bereit:\u00a0<a style=\"color: #000000;\" href=\"https:\/\/ec.europa.eu\/consumers\/odr\" target=\"_blank\" rel=\"noopener\">https:\/\/ec.europa.eu\/consumers\/odr<\/a>.<\/span><br \/><span style=\"color: #000000;\">Unsere E-Mail-Adresse finden Sie oben im Impressum.<\/span><\/p><p><span style=\"color: #000000;\">Wir sind nicht bereit oder verpflichtet, an Streitbeilegungsverfahren vor einer Verbraucherschlichtungsstelle teilzunehmen.<\/span><\/p><p><span style=\"color: #000000;\">Haftung f\u00fcr Inhalte<\/span><\/p><p><span style=\"color: #000000;\">Als Diensteanbieter sind wir gem\u00e4\u00df \u00a7 7 Abs.1 TMG f\u00fcr eigene Inhalte auf diesen Seiten nach den allgemeinen Gesetzen verantwortlich. Nach \u00a7\u00a7 8 bis 10 TMG sind wir als Diensteanbieter jedoch nicht verpflichtet, \u00fcbermittelte oder gespeicherte fremde Informationen zu \u00fcberwachen oder nach Umst\u00e4nden zu forschen, die auf eine rechtswidrige T\u00e4tigkeit hinweisen.<\/span><\/p><p><span style=\"color: #000000;\">Verpflichtungen zur Entfernung oder Sperrung der Nutzung von Informationen nach den allgemeinen Gesetzen bleiben hiervon unber\u00fchrt. Eine diesbez\u00fcgliche Haftung ist jedoch erst ab dem Zeitpunkt der Kenntnis einer konkreten Rechtsverletzung m\u00f6glich. Bei Bekanntwerden von entsprechenden Rechtsverletzungen werden wir diese Inhalte umgehend entfernen.<\/span><\/p><p><span style=\"color: #000000;\">Haftung f\u00fcr Links<\/span><\/p><p><span style=\"color: #000000;\">Unser Angebot enth\u00e4lt Links zu externen Websites Dritter, auf deren Inhalte wir keinen Einfluss haben. Deshalb k\u00f6nnen wir f\u00fcr diese fremden Inhalte auch keine Gew\u00e4hr \u00fcbernehmen. F\u00fcr die Inhalte der verlinkten Seiten ist stets der jeweilige Anbieter oder Betreiber der Seiten verantwortlich. Die verlinkten Seiten wurden zum Zeitpunkt der Verlinkung auf m\u00f6gliche Rechtsverst\u00f6\u00dfe \u00fcberpr\u00fcft. Rechtswidrige Inhalte waren zum Zeitpunkt der Verlinkung nicht erkennbar.<\/span><\/p><p><span style=\"color: #000000;\">Eine permanente inhaltliche Kontrolle der verlinkten Seiten ist jedoch ohne konkrete Anhaltspunkte einer Rechtsverletzung nicht zumutbar. Bei Bekanntwerden von Rechtsverletzungen werden wir derartige Links umgehend entfernen.<\/span><\/p><p><span style=\"color: #000000;\">Urheberrecht<\/span><\/p><p><span style=\"color: #000000;\">Die durch die Seitenbetreiber erstellten Inhalte und Werke auf diesen Seiten unterliegen dem deutschen Urheberrecht. Die Vervielf\u00e4ltigung, Bearbeitung, Verbreitung und jede Art der Verwertung au\u00dferhalb der Grenzen des Urheberrechtes bed\u00fcrfen der schriftlichen Zustimmung des jeweiligen Autors bzw. Erstellers. Downloads und Kopien dieser Seite sind nur f\u00fcr den privaten, nicht kommerziellen Gebrauch gestattet.<\/span><\/p><div id=\"netwo-1136170946\" class=\"netwo-inhalt netwo-entity-placement\"><div class=\"netwo-adlabel\">Anzeigen - Gesponserte Links<\/div><!-- Revive Adserver iFrame Tag - Generated with Revive Adserver v6.0.4 -->\r\n<iframe id='a75e6129' name='a75e6129' src='https:\/\/info-webportal.de\/revive-adserver\/www\/delivery\/afr.php?zoneid=27&amp;cb=INSERT_RANDOM_NUMBER_HERE' frameborder='0' scrolling='no' width='468' height='60' allow='autoplay'><a href='https:\/\/info-webportal.de\/revive-adserver\/www\/delivery\/ck.php?n=a15cc9d3&amp;cb=INSERT_RANDOM_NUMBER_HERE' target='_blank'><img src='https:\/\/info-webportal.de\/revive-adserver\/www\/delivery\/avw.php?zoneid=27&amp;cb=INSERT_RANDOM_NUMBER_HERE&amp;n=a15cc9d3' border='0' alt='' \/><\/a><\/iframe>\r\n<\/div><p><span style=\"color: #000000;\">Soweit die Inhalte auf dieser Seite nicht vom Betreiber erstellt wurden, werden die Urheberrechte Dritter beachtet. Insbesondere werden Inhalte Dritter als solche gekennzeichnet. Sollten Sie trotzdem auf eine Urheberrechtsverletzung aufmerksam werden, bitten wir um einen entsprechenden Hinweis. Bei Bekanntwerden von Rechtsverletzungen werden wir derartige Inhalte umgehend entfernen.<\/span><\/p>\t\t\t\t\t\t\t\t<\/div>\n\t\t\t\t<\/div>\n\t\t\t\t<\/div>\n\t\t\t\t\t<\/div>\n\t\t\t\t<\/div>\n\t\t\t\t<\/div>\n\t\t","protected":false},"excerpt":{"rendered":"<p>Impressum Angaben gem\u00e4\u00df \u00a7 5 TMG Lothar WeifenbachKreuzstra\u00dfe1196199 Zapfendorf Kontakt Telefon: +4995478731966 E-Mail:\u00a0in**@*********rk.de Kontaktformular\u00a0 (F\u00fcr Anfragen empfehlen wir das Kontaktformular zu verwenden, da eMails evtl. vom Spammfilter blockiert werden k\u00f6nnen.) Postadresse: Lothar WeifenbachPostfach 110796198 Zapfendorf Umsatzsteuer-ID:\u00a0 DE228232829 Umsatzsteuer-Identifikationsnummer gem\u00e4\u00df \u00a727 a Umsatzsteuergesetz:DE228232829 Streitschlichtung Die Europ\u00e4ische Kommission stellt eine Plattform zur Online-Streitbeilegung (OS) bereit:\u00a0https:\/\/ec.europa.eu\/consumers\/odr.Unsere E-Mail-Adresse finden&#8230;<\/p>\n","protected":false},"author":1,"featured_media":0,"parent":0,"menu_order":0,"comment_status":"closed","ping_status":"closed","template":"","meta":{"footnotes":""},"class_list":["post-86438","page","type-page","status-publish","hentry"],"_links":{"self":[{"href":"https:\/\/wvm-network.de\/wordpress\/wp-json\/wp\/v2\/pages\/86438","targetHints":{"allow":["GET"]}}],"collection":[{"href":"https:\/\/wvm-network.de\/wordpress\/wp-json\/wp\/v2\/pages"}],"about":[{"href":"https:\/\/wvm-network.de\/wordpress\/wp-json\/wp\/v2\/types\/page"}],"author":[{"embeddable":true,"href":"https:\/\/wvm-network.de\/wordpress\/wp-json\/wp\/v2\/users\/1"}],"replies":[{"embeddable":true,"href":"https:\/\/wvm-network.de\/wordpress\/wp-json\/wp\/v2\/comments?post=86438"}],"version-history":[{"count":29,"href":"https:\/\/wvm-network.de\/wordpress\/wp-json\/wp\/v2\/pages\/86438\/revisions"}],"predecessor-version":[{"id":87259,"href":"https:\/\/wvm-network.de\/wordpress\/wp-json\/wp\/v2\/pages\/86438\/revisions\/87259"}],"wp:attachment":[{"href":"https:\/\/wvm-network.de\/wordpress\/wp-json\/wp\/v2\/media?parent=86438"}],"curies":[{"name":"wp","href":"https:\/\/api.w.org\/{rel}","templated":true}]}}