{"id":87136,"date":"2025-01-24T17:37:32","date_gmt":"2025-01-24T16:37:32","guid":{"rendered":"https:\/\/wvm-network.de\/wordpress\/?page_id=87136"},"modified":"2025-01-24T17:51:11","modified_gmt":"2025-01-24T16:51:11","slug":"eigener-chef-2","status":"publish","type":"page","link":"https:\/\/wvm-network.de\/wordpress\/eigener-chef-2\/","title":{"rendered":"Eigener Chef werden"},"content":{"rendered":"<div id=\"container_149\" class=\"zpContainer first \" data-zpeleel=\"container\" data-zpleid=\"149\">\n<div class=\"zpRow standard \" data-row-id=\"150\">\n<div class=\"zpColumn odd zpColumnWidth1 c12 first last\" data-column-id=\"156\">\n<div class=\"zpColumnItem\">\n<div id=\"a1451\" class=\"articlearea zpwText\" data-article-id=\"1451\" data-zpleid=\"1451\">\n<h1 style=\"text-align: center;\" data-zpfieldname=\"headline\">WERDEN AUCH SIE IHR EIGENER CHEF<\/h1>\n<\/div>\n<\/div>\n<\/div>\n<\/div>\n<div class=\"zpRow standard \" style=\"text-align: center;\" data-row-id=\"151\">\n<div class=\"zpColumn odd zpColumnWidth2 c4 first\" data-column-id=\"157\">\n<div class=\"zpColumnItem\">\n<div id=\"a1452\" class=\"articlearea zpwBild\" data-article-id=\"1452\" data-zpleid=\"1452\"><img fetchpriority=\"high\" decoding=\"async\" class=\"singleImage\" src=\"https:\/\/wvm-network.de\/nwm\/media\/images\/635457104546510280-02.jpg\" alt=\"\" width=\"449\" height=\"335\" \/><span class=\"imagedescription\">Werden auch Sie Erfolgreich<br \/>\n<\/span><\/div>\n<\/div>\n<\/div>\n<div class=\"zpColumn even zpColumnWidth2 c8 last\" data-column-id=\"158\">\n<div class=\"zpColumnItem\">\n<div id=\"a1453\" class=\"articlearea zpwText\" data-article-id=\"1453\" data-zpleid=\"1453\">\n<p>&nbsp;<\/p>\n<p><strong>Immer mehr Menschen suchen nach Wegen, Ihr Leben nach eigenen Ma\u00dfgaben<\/strong><\/p>\n<p><strong>zu gestallten und selbst gesteckte Ziele zu verfolgen.<\/strong><\/p><div id=\"netwo-1575710685\" class=\"netwo-test-placement-from-wizard-3068424252 netwo-entity-placement\"><div class=\"netwo-adlabel\">Anzeigen - Gesponserte Links<\/div><!-- Revive Adserver iFrame Tag - Generated with Revive Adserver v6.0.4 -->\r\n<iframe id='a75e6129' name='a75e6129' src='https:\/\/info-webportal.de\/revive-adserver\/www\/delivery\/afr.php?zoneid=27&amp;cb=INSERT_RANDOM_NUMBER_HERE' frameborder='0' scrolling='no' width='468' height='60' allow='autoplay'><a href='https:\/\/info-webportal.de\/revive-adserver\/www\/delivery\/ck.php?n=a15cc9d3&amp;cb=INSERT_RANDOM_NUMBER_HERE' target='_blank'><img src='https:\/\/info-webportal.de\/revive-adserver\/www\/delivery\/avw.php?zoneid=27&amp;cb=INSERT_RANDOM_NUMBER_HERE&amp;n=a15cc9d3' border='0' alt='' \/><\/a><\/iframe>\r\n<\/div>\n<p>Diese Streben nach Freiheit und Selbstbestimmung, das sich auch im Berufleben zeigt,<\/p>\n<p>in einem Trend zur Selbsst\u00e4ndigkeit.<\/p>\n<p>Und dieser Trend h\u00e4lt an.<\/p>\n<\/div>\n<\/div>\n<\/div>\n<\/div>\n<div class=\"zpRow standard \" style=\"text-align: center;\" data-row-id=\"152\">\n<div class=\"zpColumn odd zpColumnWidth2 c8 first\" data-column-id=\"159\">\n<div class=\"zpColumnItem\">\n<div id=\"a1454\" class=\"articlearea zpwText\" data-article-id=\"1454\" data-zpleid=\"1454\">\n<p><b>Die Zeit ist reif:<\/b><\/p>\n<p><strong>Werden Sie Ihr eigener Chef<\/strong><\/p>\n<p>K\u00f6nnen Sie sich mit Ihrem Einkommen alle W\u00fcnsche erf\u00fcllen?<\/p>\n<p>M\u00f6chten Sie sich mehr als heute leisten?<\/p>\n<p>Haben Sie an einem 2. Einkommen Interesse, um sich diese W\u00fcnsche zu erf\u00fcllen?<\/p>\n<\/div>\n<\/div>\n<\/div>\n<div class=\"zpColumn even zpColumnWidth2 c4 last\" data-column-id=\"160\">\n<div class=\"zpColumnItem\">\n<div id=\"a1455\" class=\"articlearea zpwBild\" data-article-id=\"1455\" data-zpleid=\"1455\"><img decoding=\"async\" class=\"singleImage\" src=\"https:\/\/wvm-network.de\/nwm\/media\/images\/636191159586167019.jpg\" alt=\"\" width=\"449\" height=\"349\" \/><\/div>\n<div class=\"articlearea zpwBild\" data-article-id=\"1455\" data-zpleid=\"1455\"><span class=\"imagedescription\">Frei und Unabh\u00e4ngig<br \/>\n<\/span><\/div>\n<\/div>\n<\/div>\n<\/div>\n<\/div>\n<div id=\"container_146\" class=\"zpContainer \" data-zpeleel=\"container\" data-zpleid=\"146\">\n<div class=\"zpRow standard \" style=\"text-align: center;\" data-row-id=\"156\">\n<div class=\"zpColumn odd zpColumnWidth1 c12 first last\" data-column-id=\"164\">\n<div class=\"zpColumnItem\">\n<div id=\"a1462\" class=\"articlearea zpwText\" data-article-id=\"1462\" data-zpleid=\"1462\">\n<p>&nbsp;<\/p>\n<p><b>Dann bieten wir M\u00f6glichkeiten f\u00fcr Sie:<\/b><\/p>\n<p><b>Wir haben kein Geschenk f\u00fcr Unt\u00e4tige, aber eine reele Chance f\u00fcr zielstrebige und agile Menschen.<\/b><\/p>\n<p>Wir zeigen Ihnen den Weg!<\/p>\n<p>Erfahren Sie was f\u00fcr Chancen Ihnen Network-Marketing und der Direktvertrieb bieten kann.<\/p>\n<\/div>\n<\/div>\n<\/div>\n<\/div>\n<div class=\"zpRow standard \" data-row-id=\"155\">\n<div class=\"zpColumn odd zpColumnWidth1 c12 first last\" data-column-id=\"163\">\n<div class=\"zpColumnItem\">\n<div id=\"a1461\" class=\"articlearea zpwText\" data-article-id=\"1461\" data-zpleid=\"1461\">\n<p style=\"text-align: center;\"><b>F\u00fcr Info und Pers\u00f6nliche Beratung stehen wir zur Verf\u00fcgung!<br \/>\n<\/b><\/p>\n<p style=\"text-align: center;\"><b>Bei Interesse an einer Amway Gesch\u00e4ftsm\u00f6glichkeiten oder Produkte<\/b><\/p>\n<p style=\"text-align: center;\"><b>nutzen Sie das\u00a0<a title=\"Eigener Chef werden\" href=\"https:\/\/wvm-network.de\/wordpress\/contact\/\"><span style=\"color: #008080;\">Kontaktformular<\/span><\/a><\/b><\/p>\n<p style=\"text-align: center;\"><b>oder holen sich einen <span style=\"color: #008080;\"><a style=\"color: #008080;\" href=\"https:\/\/wvm-network.de\/wordpress\/einladungslink-anfordern\/\" target=\"_blank\" rel=\"noopener noreferrer\">Einladungslink<\/a><\/span>\u00a0<\/b><\/p>\n<div id=\"netwo-2301381386\" class=\"netwo-inhalt netwo-entity-placement\"><div class=\"netwo-adlabel\">Anzeigen - Gesponserte Links<\/div><!-- Revive Adserver iFrame Tag - Generated with Revive Adserver v6.0.4 -->\r\n<iframe id='a75e6129' name='a75e6129' src='https:\/\/info-webportal.de\/revive-adserver\/www\/delivery\/afr.php?zoneid=27&amp;cb=INSERT_RANDOM_NUMBER_HERE' frameborder='0' scrolling='no' width='468' height='60' allow='autoplay'><a href='https:\/\/info-webportal.de\/revive-adserver\/www\/delivery\/ck.php?n=a15cc9d3&amp;cb=INSERT_RANDOM_NUMBER_HERE' target='_blank'><img src='https:\/\/info-webportal.de\/revive-adserver\/www\/delivery\/avw.php?zoneid=27&amp;cb=INSERT_RANDOM_NUMBER_HERE&amp;n=a15cc9d3' border='0' alt='' \/><\/a><\/iframe>\r\n<\/div><p style=\"text-align: center;\"><b>\u00a0Ihr Pers\u00f6nlicher Berater\/Ansprechpartner:\u00a0 \u00a0<\/b><b><span style=\"color: #008000;\">LOTHAR WEIFENBACH<\/span>\u00a0 ID:\u00a0<span style=\"color: #008000;\">3558405<\/span><\/b><\/p>\n<\/div>\n<\/div>\n<\/div>\n<\/div>\n<\/div>\n","protected":false},"excerpt":{"rendered":"<p>WERDEN AUCH SIE IHR EIGENER CHEF Werden auch Sie Erfolgreich &nbsp; Immer mehr Menschen suchen nach Wegen, Ihr Leben nach eigenen Ma\u00dfgaben zu gestallten und selbst gesteckte Ziele zu verfolgen. Diese Streben nach Freiheit und Selbstbestimmung, das sich auch im Berufleben zeigt, in einem Trend zur Selbsst\u00e4ndigkeit. Und dieser Trend h\u00e4lt an. Die Zeit ist&#8230;<\/p>\n","protected":false},"author":1,"featured_media":0,"parent":0,"menu_order":0,"comment_status":"closed","ping_status":"closed","template":"","meta":{"footnotes":""},"class_list":["post-87136","page","type-page","status-publish","hentry"],"_links":{"self":[{"href":"https:\/\/wvm-network.de\/wordpress\/wp-json\/wp\/v2\/pages\/87136","targetHints":{"allow":["GET"]}}],"collection":[{"href":"https:\/\/wvm-network.de\/wordpress\/wp-json\/wp\/v2\/pages"}],"about":[{"href":"https:\/\/wvm-network.de\/wordpress\/wp-json\/wp\/v2\/types\/page"}],"author":[{"embeddable":true,"href":"https:\/\/wvm-network.de\/wordpress\/wp-json\/wp\/v2\/users\/1"}],"replies":[{"embeddable":true,"href":"https:\/\/wvm-network.de\/wordpress\/wp-json\/wp\/v2\/comments?post=87136"}],"version-history":[{"count":5,"href":"https:\/\/wvm-network.de\/wordpress\/wp-json\/wp\/v2\/pages\/87136\/revisions"}],"predecessor-version":[{"id":87143,"href":"https:\/\/wvm-network.de\/wordpress\/wp-json\/wp\/v2\/pages\/87136\/revisions\/87143"}],"wp:attachment":[{"href":"https:\/\/wvm-network.de\/wordpress\/wp-json\/wp\/v2\/media?parent=87136"}],"curies":[{"name":"wp","href":"https:\/\/api.w.org\/{rel}","templated":true}]}}